{"id":710,"date":"2014-12-24T15:10:23","date_gmt":"2014-12-24T13:10:23","guid":{"rendered":"http:\/\/mikes-music-records.de\/?page_id=710"},"modified":"2025-11-15T11:40:05","modified_gmt":"2025-11-15T09:40:05","slug":"bemusterung","status":"publish","type":"page","link":"https:\/\/mikes-music-records.de\/site\/bemusterung\/","title":{"rendered":"Bemusterungspool f\u00fcr Medienpartner"},"content":{"rendered":"<div class=\"wpb-content-wrapper\"><p>[vc_row][vc_column][vc_row_inner][vc_column_inner][vc_column_text css=&#8220;&#8220;]Unser alter Bemusterungspool ist in Rente gegangen \u2013 aber keine Sorge: Daf\u00fcr l\u00e4uft die Bemusterung jetzt f\u00fcr alle Medienpartner (Radio, TV, Print, Online, DJ) einfacher denn je: Meldet euch einfach bei uns an!<\/p>\n<p>\u00dcber den untenstehenden Button k\u00f6nnen Sie uns eine E-Mail senden, um in unseren Bemusterungsverteiler aufgenommen zu werden. Sie erhalten auf Wunsch die Ver\u00f6ffentlichungen aus unseren Tonstudios und Labels.<\/p>\n<p>Die bereitgestellten Musikdateien dienen ausschlie\u00dflich registrierten Medienpartnern. Eine unerlaubte Vervielf\u00e4ltigung, Weitergabe oder Ver\u00e4nderung sind nicht gestattet.<\/p>\n<p>F\u00fcr Ihr Medium besteht eine ausdr\u00fcckliche Sendeerlaubnis.<\/p>\n<p>GVL- und GEMA-Meldungen erfolgen wie branchen\u00fcblich durch Sie.<\/p>\n<p>Mit der Nutzung unseres Bemusterungsservices erkennen Sie unsere Nutzungsbedingungen und AGB an.[\/vc_column_text][\/vc_column_inner][\/vc_row_inner][vc_btn title=&#8220;Kontakt&#8220; css=&#8220;&#8220; link=&#8220;url:mailto%3Akarin%40mikes-music-records.de&#8220;][\/vc_column][\/vc_row]<\/p>\n<\/div>","protected":false},"excerpt":{"rendered":"<p>[vc_row][vc_column][vc_row_inner][vc_column_inner][vc_column_text css=&#8220;&#8220;]Unser alter Bemusterungspool ist in Rente gegangen \u2013 aber keine Sorge: Daf\u00fcr l\u00e4uft die Bemusterung jetzt f\u00fcr alle Medienpartner (Radio, TV, Print, Online, DJ) einfacher denn je: Meldet euch einfach bei uns an! \u00dcber den untenstehenden Button k\u00f6nnen Sie uns eine E-Mail senden, um in unseren Bemusterungsverteiler aufgenommen zu werden. Sie erhalten auf Wunsch &#8230; <a title=\"Bemusterungspool f\u00fcr Medienpartner\" class=\"read-more\" href=\"https:\/\/mikes-music-records.de\/site\/bemusterung\/\" aria-label=\"Mehr Informationen \u00fcber Bemusterungspool f\u00fcr Medienpartner\">Weiterlesen<\/a><\/p>\n","protected":false},"author":1,"featured_media":0,"parent":0,"menu_order":0,"comment_status":"closed","ping_status":"closed","template":"","meta":{"footnotes":""},"class_list":["post-710","page","type-page","status-publish"],"_links":{"self":[{"href":"https:\/\/mikes-music-records.de\/site\/wp-json\/wp\/v2\/pages\/710","targetHints":{"allow":["GET"]}}],"collection":[{"href":"https:\/\/mikes-music-records.de\/site\/wp-json\/wp\/v2\/pages"}],"about":[{"href":"https:\/\/mikes-music-records.de\/site\/wp-json\/wp\/v2\/types\/page"}],"author":[{"embeddable":true,"href":"https:\/\/mikes-music-records.de\/site\/wp-json\/wp\/v2\/users\/1"}],"replies":[{"embeddable":true,"href":"https:\/\/mikes-music-records.de\/site\/wp-json\/wp\/v2\/comments?post=710"}],"version-history":[{"count":17,"href":"https:\/\/mikes-music-records.de\/site\/wp-json\/wp\/v2\/pages\/710\/revisions"}],"predecessor-version":[{"id":2781,"href":"https:\/\/mikes-music-records.de\/site\/wp-json\/wp\/v2\/pages\/710\/revisions\/2781"}],"wp:attachment":[{"href":"https:\/\/mikes-music-records.de\/site\/wp-json\/wp\/v2\/media?parent=710"}],"curies":[{"name":"wp","href":"https:\/\/api.w.org\/{rel}","templated":true}]}}